{"id":3522,"date":"2024-08-31T11:26:57","date_gmt":"2024-08-31T11:26:57","guid":{"rendered":"https:\/\/jumtusegumi.lv\/?post_type=product&#038;p=3522"},"modified":"2025-05-08T13:16:17","modified_gmt":"2025-05-08T13:16:17","slug":"elastoizol-xpp-3-0","status":"publish","type":"product","link":"https:\/\/jumtusegumi.lv\/?product=elastoizol-xpp-3-0","title":{"rendered":"Elastoizol XPP-3.0"},"content":{"rendered":"<p>Uzkaus\u0113jams SBS bitumena apak\u0161\u0113j\u0101s k\u0101rtas l\u0113zeno jumtu segums. Materi\u0101ls ir arm\u0113ts ar stikla \u0161\u0137iedru. Materi\u0101l\u0101 izmantots elast\u012bgs modific\u0113tais bitumens, kas zaud\u0113 elast\u012bbu ne augst\u0101k\u0101 temperat\u016br\u0101 k\u0101 -15\u00b0\u0421. Materi\u0101la abu pu\u0161u virsma ir kl\u0101ta ar PE pl\u0113vi.<\/p>\n","protected":false},"excerpt":{"rendered":"<p>Uzkaus\u0113jams bitumena jumtu segums. Apak\u0161\u0113j\u0101 k\u0101rta.<\/p>\n<ul>\n<li>SBS bitumens<\/li>\n<li>Svars 3kg\/m\u00b2<\/li>\n<li>Bitumena elast\u012bbas zem\u0101k\u0101 temperat\u016bra ne augst\u0101ka par -15\u00b0\u0421<\/li>\n<li>Stikla \u0161\u0137iedras pamatne<\/li>\n<\/ul>\n","protected":false},"featured_media":3503,"template":"","meta":[],"product_brand":[],"product_cat":[104,82],"product_tag":[],"class_list":{"0":"post-3522","1":"product","2":"type-product","3":"status-publish","4":"has-post-thumbnail","6":"product_cat-apaksklaji","7":"product_cat-bitumena-kausejamie-materiali","9":"first","10":"instock","11":"sale","12":"taxable","13":"shipping-taxable","14":"purchasable","15":"product-type-simple"},"jetpack_sharing_enabled":true,"_links":{"self":[{"href":"https:\/\/jumtusegumi.lv\/index.php?rest_route=\/wp\/v2\/product\/3522","targetHints":{"allow":["GET"]}}],"collection":[{"href":"https:\/\/jumtusegumi.lv\/index.php?rest_route=\/wp\/v2\/product"}],"about":[{"href":"https:\/\/jumtusegumi.lv\/index.php?rest_route=\/wp\/v2\/types\/product"}],"wp:featuredmedia":[{"embeddable":true,"href":"https:\/\/jumtusegumi.lv\/index.php?rest_route=\/wp\/v2\/media\/3503"}],"wp:attachment":[{"href":"https:\/\/jumtusegumi.lv\/index.php?rest_route=%2Fwp%2Fv2%2Fmedia&parent=3522"}],"wp:term":[{"taxonomy":"product_brand","embeddable":true,"href":"https:\/\/jumtusegumi.lv\/index.php?rest_route=%2Fwp%2Fv2%2Fproduct_brand&post=3522"},{"taxonomy":"product_cat","embeddable":true,"href":"https:\/\/jumtusegumi.lv\/index.php?rest_route=%2Fwp%2Fv2%2Fproduct_cat&post=3522"},{"taxonomy":"product_tag","embeddable":true,"href":"https:\/\/jumtusegumi.lv\/index.php?rest_route=%2Fwp%2Fv2%2Fproduct_tag&post=3522"}],"curies":[{"name":"wp","href":"https:\/\/api.w.org\/{rel}","templated":true}]}}