{"id":3584,"date":"2024-10-05T08:41:50","date_gmt":"2024-10-05T08:41:50","guid":{"rendered":"https:\/\/jumtusegumi.lv\/?post_type=product&#038;p=3584"},"modified":"2024-10-05T09:09:12","modified_gmt":"2024-10-05T09:09:12","slug":"katepal-jazzy-bruni-bitumena-sindeli","status":"publish","type":"product","link":"https:\/\/jumtusegumi.lv\/?product=katepal-jazzy-bruni-bitumena-sindeli","title":{"rendered":"KATEPAL JAZZY br\u016bni bitumena \u0161inde\u013ci"},"content":{"rendered":"<p>Somijas uz\u0146\u0113mum\u0101 KATEPAL ra\u017eoti SBS modific\u0113t\u0101 bitumena \u0161inde\u013ci.<\/p>\n","protected":false},"excerpt":{"rendered":"<ul>\n<li>SBS modific\u0113ts bitumens<\/li>\n<li>Saglab\u0101 elast\u012bbu zem\u0101 temperat\u016br\u0101<\/li>\n<li>Pa\u0161l\u012bpo\u0161a piln\u012bgi visa apak\u0161\u0113j\u0101 virsma<\/li>\n<li>Svars 8.3 kg\/m<sup>2<\/sup><\/li>\n<\/ul>\n","protected":false},"featured_media":3586,"template":"","meta":[],"product_brand":[],"product_cat":[79,96],"product_tag":[],"class_list":{"0":"post-3584","1":"product","2":"type-product","3":"status-publish","4":"has-post-thumbnail","6":"product_cat-bitumen-shingles","7":"product_cat-vienas-kartas-sindeli","9":"first","10":"instock","11":"sale","12":"taxable","13":"shipping-taxable","14":"purchasable","15":"product-type-simple"},"jetpack_sharing_enabled":true,"_links":{"self":[{"href":"https:\/\/jumtusegumi.lv\/index.php?rest_route=\/wp\/v2\/product\/3584","targetHints":{"allow":["GET"]}}],"collection":[{"href":"https:\/\/jumtusegumi.lv\/index.php?rest_route=\/wp\/v2\/product"}],"about":[{"href":"https:\/\/jumtusegumi.lv\/index.php?rest_route=\/wp\/v2\/types\/product"}],"wp:featuredmedia":[{"embeddable":true,"href":"https:\/\/jumtusegumi.lv\/index.php?rest_route=\/wp\/v2\/media\/3586"}],"wp:attachment":[{"href":"https:\/\/jumtusegumi.lv\/index.php?rest_route=%2Fwp%2Fv2%2Fmedia&parent=3584"}],"wp:term":[{"taxonomy":"product_brand","embeddable":true,"href":"https:\/\/jumtusegumi.lv\/index.php?rest_route=%2Fwp%2Fv2%2Fproduct_brand&post=3584"},{"taxonomy":"product_cat","embeddable":true,"href":"https:\/\/jumtusegumi.lv\/index.php?rest_route=%2Fwp%2Fv2%2Fproduct_cat&post=3584"},{"taxonomy":"product_tag","embeddable":true,"href":"https:\/\/jumtusegumi.lv\/index.php?rest_route=%2Fwp%2Fv2%2Fproduct_tag&post=3584"}],"curies":[{"name":"wp","href":"https:\/\/api.w.org\/{rel}","templated":true}]}}